{"id":428,"date":"2021-06-08T00:14:13","date_gmt":"2021-06-07T22:14:13","guid":{"rendered":"https:\/\/informernestpasundelit.org\/?page_id=428"},"modified":"2024-05-15T17:57:46","modified_gmt":"2024-05-15T15:57:46","slug":"adhesion-2024","status":"publish","type":"page","link":"https:\/\/informernestpasundelit.org\/en\/adhesion-2024\/","title":{"rendered":"(Fran\u00e7ais) Adh\u00e9sion 2024"},"content":{"rendered":"<p class=\"qtranxs-available-languages-message qtranxs-available-languages-message-en\">Sorry, this entry is only available in <a href=\"https:\/\/informernestpasundelit.org\/fr\/wp-json\/wp\/v2\/pages\/428\" class=\"qtranxs-available-language-link qtranxs-available-language-link-fr\" title=\"Fran\u00e7ais\">Fran\u00e7ais<\/a>.<\/p>","protected":false},"excerpt":{"rendered":"<p>Sorry, this entry is only available in Fran\u00e7ais.<\/p>\n","protected":false},"author":3,"featured_media":0,"parent":0,"menu_order":0,"comment_status":"closed","ping_status":"closed","template":"","meta":{"footnotes":""},"yoast_head":"<!-- This site is optimized with the Yoast SEO plugin v24.5 - https:\/\/yoast.com\/wordpress\/plugins\/seo\/ -->\n<title>(Fran\u00e7ais) Adh\u00e9sion 2024 - Informer n&#039;est pas un d\u00e9lit<\/title>\n<meta name=\"description\" content=\"(Fran\u00e7ais) L\u2019association Informer n\u2019est pas un d\u00e9lit (INPD) lance sa campagne d\u2019adh\u00e9sion pour la saison 2021-2022. Une ann\u00e9e cruciale avec l\u2019\u00e9lection pr\u00e9sidentielle au printemps 2022 et pour laquelle nous tenons \u00e0 nous engager plus fortement, avec votre soutien \u00e0 tous.\" \/>\n<meta name=\"robots\" content=\"index, follow, max-snippet:-1, max-image-preview:large, max-video-preview:-1\" \/>\n<link rel=\"canonical\" href=\"https:\/\/informernestpasundelit.org\/adhesion-2024\/\" \/>\n<meta property=\"og:locale\" content=\"en_US\" \/>\n<meta property=\"og:type\" content=\"article\" \/>\n<meta property=\"og:title\" content=\"Informer n&#039;est pas un d\u00e9lit : adh\u00e9sion 2021-22\" \/>\n<meta property=\"og:description\" content=\"L\u2019association Informer n\u2019est pas un d\u00e9lit (INPD) lance sa campagne d\u2019adh\u00e9sion pour la saison 2021-2022. Une ann\u00e9e cruciale avec l\u2019\u00e9lection pr\u00e9sidentielle au printemps 2022 et pour laquelle nous tenons \u00e0 nous engager plus fortement, avec votre soutien \u00e0 tous.\" \/>\n<meta property=\"og:url\" content=\"https:\/\/informernestpasundelit.org\/adhesion-2024\/\" \/>\n<meta property=\"og:site_name\" content=\"Informer n&#039;est pas un d\u00e9lit\" \/>\n<meta property=\"article:modified_time\" content=\"2024-05-15T15:57:46+00:00\" \/>\n<meta property=\"og:image\" content=\"https:\/\/informernestpasundelit.org\/wp-content\/uploads\/2015\/10\/Logo_small.jpg\" \/>\n\t<meta property=\"og:image:width\" content=\"560\" \/>\n\t<meta property=\"og:image:height\" content=\"480\" \/>\n\t<meta property=\"og:image:type\" content=\"image\/jpeg\" \/>\n<meta name=\"twitter:card\" content=\"summary_large_image\" \/>\n<meta name=\"twitter:title\" content=\"Informer n&#039;est pas un d\u00e9lit : adh\u00e9sion 2021-22\" \/>\n<meta name=\"twitter:description\" content=\"L\u2019association Informer n\u2019est pas un d\u00e9lit (INPD) lance sa campagne d\u2019adh\u00e9sion pour la saison 2021-2022. Une ann\u00e9e cruciale avec l\u2019\u00e9lection pr\u00e9sidentielle au printemps 2022 et pour laquelle nous tenons \u00e0 nous engager plus fortement, avec votre soutien \u00e0 tous.\" \/>\n<meta name=\"twitter:image\" content=\"https:\/\/informernestpasundelit.org\/wp-content\/uploads\/2015\/10\/Logo_small.jpg\" \/>\n<meta name=\"twitter:label1\" content=\"Est. reading time\" \/>\n\t<meta name=\"twitter:data1\" content=\"1 minute\" \/>\n<script type=\"application\/ld+json\" class=\"yoast-schema-graph\">{\"@context\":\"https:\/\/schema.org\",\"@graph\":[{\"@type\":\"WebPage\",\"@id\":\"https:\/\/informernestpasundelit.org\/adhesion-2024\/\",\"url\":\"https:\/\/informernestpasundelit.org\/adhesion-2024\/\",\"name\":\"(Fran\u00e7ais) Adh\u00e9sion 2024 - Informer n&#039;est pas un d\u00e9lit\",\"isPartOf\":{\"@id\":\"https:\/\/informernestpasundelit.org\/#website\"},\"datePublished\":\"2021-06-07T22:14:13+00:00\",\"dateModified\":\"2024-05-15T15:57:46+00:00\",\"description\":\"{:fr}L\u2019association Informer n\u2019est pas un d\u00e9lit (INPD) lance sa campagne d\u2019adh\u00e9sion pour la saison 2021-2022. Une ann\u00e9e cruciale avec l\u2019\u00e9lection pr\u00e9sidentielle au printemps 2022 et pour laquelle nous tenons \u00e0 nous engager plus fortement, avec votre soutien \u00e0 tous.{:}\",\"breadcrumb\":{\"@id\":\"https:\/\/informernestpasundelit.org\/adhesion-2024\/#breadcrumb\"},\"inLanguage\":\"en-US\",\"potentialAction\":[{\"@type\":\"ReadAction\",\"target\":[\"https:\/\/informernestpasundelit.org\/adhesion-2024\/\"]}]},{\"@type\":\"BreadcrumbList\",\"@id\":\"https:\/\/informernestpasundelit.org\/adhesion-2024\/#breadcrumb\",\"itemListElement\":[{\"@type\":\"ListItem\",\"position\":1,\"name\":\"Accueil\",\"item\":\"https:\/\/informernestpasundelit.org\/\"},{\"@type\":\"ListItem\",\"position\":2,\"name\":\"Adh\u00e9sion 2024\"}]},{\"@type\":\"WebSite\",\"@id\":\"https:\/\/informernestpasundelit.org\/#website\",\"url\":\"https:\/\/informernestpasundelit.org\/\",\"name\":\"Informer n&#039;est pas un d\u00e9lit\",\"description\":\"\",\"potentialAction\":[{\"@type\":\"SearchAction\",\"target\":{\"@type\":\"EntryPoint\",\"urlTemplate\":\"https:\/\/informernestpasundelit.org\/?s={search_term_string}\"},\"query-input\":{\"@type\":\"PropertyValueSpecification\",\"valueRequired\":true,\"valueName\":\"search_term_string\"}}],\"inLanguage\":\"en-US\"}]}<\/script>\n<!-- \/ Yoast SEO plugin. -->","yoast_head_json":{"title":"(Fran\u00e7ais) Adh\u00e9sion 2024 - Informer n&#039;est pas un d\u00e9lit","description":"(Fran\u00e7ais) L\u2019association Informer n\u2019est pas un d\u00e9lit (INPD) lance sa campagne d\u2019adh\u00e9sion pour la saison 2021-2022. Une ann\u00e9e cruciale avec l\u2019\u00e9lection pr\u00e9sidentielle au printemps 2022 et pour laquelle nous tenons \u00e0 nous engager plus fortement, avec votre soutien \u00e0 tous.","robots":{"index":"index","follow":"follow","max-snippet":"max-snippet:-1","max-image-preview":"max-image-preview:large","max-video-preview":"max-video-preview:-1"},"canonical":"https:\/\/informernestpasundelit.org\/adhesion-2024\/","og_locale":"en_US","og_type":"article","og_title":"Informer n'est pas un d\u00e9lit : adh\u00e9sion 2021-22","og_description":"L\u2019association Informer n\u2019est pas un d\u00e9lit (INPD) lance sa campagne d\u2019adh\u00e9sion pour la saison 2021-2022. Une ann\u00e9e cruciale avec l\u2019\u00e9lection pr\u00e9sidentielle au printemps 2022 et pour laquelle nous tenons \u00e0 nous engager plus fortement, avec votre soutien \u00e0 tous.","og_url":"https:\/\/informernestpasundelit.org\/adhesion-2024\/","og_site_name":"Informer n&#039;est pas un d\u00e9lit","article_modified_time":"2024-05-15T15:57:46+00:00","og_image":[{"width":560,"height":480,"url":"https:\/\/informernestpasundelit.org\/wp-content\/uploads\/2015\/10\/Logo_small.jpg","type":"image\/jpeg"}],"twitter_card":"summary_large_image","twitter_title":"Informer n'est pas un d\u00e9lit : adh\u00e9sion 2021-22","twitter_description":"L\u2019association Informer n\u2019est pas un d\u00e9lit (INPD) lance sa campagne d\u2019adh\u00e9sion pour la saison 2021-2022. Une ann\u00e9e cruciale avec l\u2019\u00e9lection pr\u00e9sidentielle au printemps 2022 et pour laquelle nous tenons \u00e0 nous engager plus fortement, avec votre soutien \u00e0 tous.","twitter_image":"https:\/\/informernestpasundelit.org\/wp-content\/uploads\/2015\/10\/Logo_small.jpg","twitter_misc":{"Est. reading time":"1 minute"},"schema":{"@context":"https:\/\/schema.org","@graph":[{"@type":"WebPage","@id":"https:\/\/informernestpasundelit.org\/adhesion-2024\/","url":"https:\/\/informernestpasundelit.org\/adhesion-2024\/","name":"(Fran\u00e7ais) Adh\u00e9sion 2024 - Informer n&#039;est pas un d\u00e9lit","isPartOf":{"@id":"https:\/\/informernestpasundelit.org\/#website"},"datePublished":"2021-06-07T22:14:13+00:00","dateModified":"2024-05-15T15:57:46+00:00","description":"{:fr}L\u2019association Informer n\u2019est pas un d\u00e9lit (INPD) lance sa campagne d\u2019adh\u00e9sion pour la saison 2021-2022. Une ann\u00e9e cruciale avec l\u2019\u00e9lection pr\u00e9sidentielle au printemps 2022 et pour laquelle nous tenons \u00e0 nous engager plus fortement, avec votre soutien \u00e0 tous.{:}","breadcrumb":{"@id":"https:\/\/informernestpasundelit.org\/adhesion-2024\/#breadcrumb"},"inLanguage":"en-US","potentialAction":[{"@type":"ReadAction","target":["https:\/\/informernestpasundelit.org\/adhesion-2024\/"]}]},{"@type":"BreadcrumbList","@id":"https:\/\/informernestpasundelit.org\/adhesion-2024\/#breadcrumb","itemListElement":[{"@type":"ListItem","position":1,"name":"Accueil","item":"https:\/\/informernestpasundelit.org\/"},{"@type":"ListItem","position":2,"name":"Adh\u00e9sion 2024"}]},{"@type":"WebSite","@id":"https:\/\/informernestpasundelit.org\/#website","url":"https:\/\/informernestpasundelit.org\/","name":"Informer n&#039;est pas un d\u00e9lit","description":"","potentialAction":[{"@type":"SearchAction","target":{"@type":"EntryPoint","urlTemplate":"https:\/\/informernestpasundelit.org\/?s={search_term_string}"},"query-input":{"@type":"PropertyValueSpecification","valueRequired":true,"valueName":"search_term_string"}}],"inLanguage":"en-US"}]}},"_links":{"self":[{"href":"https:\/\/informernestpasundelit.org\/en\/wp-json\/wp\/v2\/pages\/428"}],"collection":[{"href":"https:\/\/informernestpasundelit.org\/en\/wp-json\/wp\/v2\/pages"}],"about":[{"href":"https:\/\/informernestpasundelit.org\/en\/wp-json\/wp\/v2\/types\/page"}],"author":[{"embeddable":true,"href":"https:\/\/informernestpasundelit.org\/en\/wp-json\/wp\/v2\/users\/3"}],"replies":[{"embeddable":true,"href":"https:\/\/informernestpasundelit.org\/en\/wp-json\/wp\/v2\/comments?post=428"}],"version-history":[{"count":0,"href":"https:\/\/informernestpasundelit.org\/en\/wp-json\/wp\/v2\/pages\/428\/revisions"}],"wp:attachment":[{"href":"https:\/\/informernestpasundelit.org\/en\/wp-json\/wp\/v2\/media?parent=428"}],"curies":[{"name":"wp","href":"https:\/\/api.w.org\/{rel}","templated":true}]}}